{"id":161704,"date":"2024-08-04T07:57:33","date_gmt":"2024-08-04T07:57:33","guid":{"rendered":"https:\/\/protokolhukuk.com\/ekibimiz\/"},"modified":"2025-08-21T08:24:18","modified_gmt":"2025-08-21T08:24:18","slug":"ekibimiz","status":"publish","type":"page","link":"https:\/\/protokolhukuk.com\/ru\/ekibimiz\/","title":{"rendered":"\u041d\u0430\u0448\u0430 \u041a\u043e\u043c\u0430\u043d\u0434\u0430"},"content":{"rendered":"\t\t<div data-elementor-type=\"wp-page\" data-elementor-id=\"161704\" class=\"elementor elementor-161704 elementor-55\" data-elementor-post-type=\"page\">\n\t\t\t\t<div class=\"elementor-element elementor-element-4414537 e-flex e-con-boxed e-con e-parent\" data-id=\"4414537\" data-element_type=\"container\" data-settings=\"{&quot;background_background&quot;:&quot;classic&quot;}\">\n\t\t\t\t\t<div class=\"e-con-inner\">\n\t\t\t\t<div class=\"elementor-element elementor-element-22dd4f3 exad-sticky-section-no exad-glass-effect-no elementor-widget elementor-widget-theme-post-title elementor-page-title elementor-widget-heading\" data-id=\"22dd4f3\" data-element_type=\"widget\" data-widget_type=\"theme-post-title.default\">\n\t\t\t\t<div class=\"elementor-widget-container\">\n\t\t\t<style>\/*! elementor - v3.23.0 - 05-08-2024 *\/\n.elementor-heading-title{padding:0;margin:0;line-height:1}.elementor-widget-heading .elementor-heading-title[class*=elementor-size-]>a{color:inherit;font-size:inherit;line-height:inherit}.elementor-widget-heading .elementor-heading-title.elementor-size-small{font-size:15px}.elementor-widget-heading .elementor-heading-title.elementor-size-medium{font-size:19px}.elementor-widget-heading .elementor-heading-title.elementor-size-large{font-size:29px}.elementor-widget-heading .elementor-heading-title.elementor-size-xl{font-size:39px}.elementor-widget-heading .elementor-heading-title.elementor-size-xxl{font-size:59px}<\/style><h1 class=\"elementor-heading-title elementor-size-default\">\u041d\u0430\u0448\u0430 \u041a\u043e\u043c\u0430\u043d\u0434\u0430<\/h1>\t\t<\/div>\n\t\t\t\t<\/div>\n\t\t\t\t\t<\/div>\n\t\t\t\t<\/div>\n\t\t<div class=\"elementor-element elementor-element-768a31aa e-con-full e-flex e-con e-parent\" data-id=\"768a31aa\" data-element_type=\"container\" data-settings=\"{&quot;background_background&quot;:&quot;classic&quot;}\">\n\t\t<div class=\"elementor-element elementor-element-22a68afe e-flex e-con-boxed e-con e-child\" data-id=\"22a68afe\" data-element_type=\"container\">\n\t\t\t\t\t<div class=\"e-con-inner\">\n\t\t<div class=\"elementor-element elementor-element-254c6e52 e-con-full e-flex e-con e-child\" data-id=\"254c6e52\" data-element_type=\"container\">\n\t\t<div class=\"elementor-element elementor-element-64604edc e-con-full e-flex e-con e-child\" data-id=\"64604edc\" data-element_type=\"container\">\n\t\t\t\t<div class=\"elementor-element elementor-element-7ef5f9c exad-sticky-section-no exad-glass-effect-no elementor-widget elementor-widget-aihee_addon\" data-id=\"7ef5f9c\" data-element_type=\"widget\" data-widget_type=\"aihee_addon.default\">\n\t\t\t\t<div class=\"elementor-widget-container\">\n\t\t\t<div class=\"aihee-main-wrapper layout-12  aihee-afc-11  aihee-12-16\"><div class=\"aihee-bg-img-12\" style=\" background-image:url(https:\/\/protokolhukuk.com\/wp-content\/uploads\/2024\/09\/1-MESUT-OZDEMIR-FOTOGRAF-scaled.jpeg);\"><\/div><div class=\"aihee-hover-12\"><div class=\"aihee-icons\"><a href=\"https:\/\/www.linkedin.com\/in\/mesut-%C3%B6zdemir-b2b51b95\/?trk=public_post_reshare_feed-actor-name&#038;originalSubdomain=tr\" class=\"aihee-icon aihee-icon-first\"><svg aria-hidden=\"true\" class=\"e-font-icon-svg e-fab-linkedin-in\" viewBox=\"0 0 448 512\" xmlns=\"http:\/\/www.w3.org\/2000\/svg\"><path d=\"M100.28 448H7.4V148.9h92.88zM53.79 108.1C24.09 108.1 0 83.5 0 53.8a53.79 53.79 0 0 1 107.58 0c0 29.7-24.1 54.3-53.79 54.3zM447.9 448h-92.68V302.4c0-34.7-.7-79.2-48.29-79.2-48.29 0-55.69 37.7-55.69 76.7V448h-92.78V148.9h89.08v40.8h1.3c12.4-23.5 42.69-48.3 87.88-48.3 94 0 111.28 61.9 111.28 142.3V448z\"><\/path><\/svg><\/a><a href=\"https:\/\/x.com\/MesutOzdemirtr\" class=\"aihee-icon aihee-icon-second\"><svg aria-hidden=\"true\" class=\"e-font-icon-svg e-fab-x-twitter\" viewBox=\"0 0 512 512\" xmlns=\"http:\/\/www.w3.org\/2000\/svg\"><path d=\"M389.2 48h70.6L305.6 224.2 487 464H345L233.7 318.6 106.5 464H35.8L200.7 275.5 26.8 48H172.4L272.9 180.9 389.2 48zM364.4 421.8h39.1L151.1 88h-42L364.4 421.8z\"><\/path><\/svg><\/a><\/div><\/div><\/div>\t\t<\/div>\n\t\t\t\t<\/div>\n\t\t\t\t<div class=\"elementor-element elementor-element-3daf677e exad-sticky-section-no exad-glass-effect-no elementor-widget elementor-widget-heading\" data-id=\"3daf677e\" data-element_type=\"widget\" data-widget_type=\"heading.default\">\n\t\t\t\t<div class=\"elementor-widget-container\">\n\t\t\t<style>\/*! elementor - v3.23.0 - 05-08-2024 *\/\n.elementor-heading-title{padding:0;margin:0;line-height:1}.elementor-widget-heading .elementor-heading-title[class*=elementor-size-]>a{color:inherit;font-size:inherit;line-height:inherit}.elementor-widget-heading .elementor-heading-title.elementor-size-small{font-size:15px}.elementor-widget-heading .elementor-heading-title.elementor-size-medium{font-size:19px}.elementor-widget-heading .elementor-heading-title.elementor-size-large{font-size:29px}.elementor-widget-heading .elementor-heading-title.elementor-size-xl{font-size:39px}.elementor-widget-heading .elementor-heading-title.elementor-size-xxl{font-size:59px}<\/style><h2 class=\"elementor-heading-title elementor-size-default\"><a href=\"https:\/\/protokolhukuk.com\/mesut-ozdemir\/\">Mesut \u00d6zdemir<\/a><\/h2>\t\t<\/div>\n\t\t\t\t<\/div>\n\t\t\t\t<div class=\"elementor-element elementor-element-4343e04d exad-sticky-section-no exad-glass-effect-no elementor-widget elementor-widget-heading\" data-id=\"4343e04d\" data-element_type=\"widget\" data-widget_type=\"heading.default\">\n\t\t\t\t<div class=\"elementor-widget-container\">\n\t\t\t<h2 class=\"elementor-heading-title elementor-size-default\"><a href=\"https:\/\/protokolhukuk.com\/mesut-ozdemir\/\">\u041e\u0441\u043d\u043e\u0432\u0430\u0442\u0435\u043b\u044c\/\u0410\u0434\u0432\u043e\u043a\u0430\u0442<\/a><\/h2>\t\t<\/div>\n\t\t\t\t<\/div>\n\t\t\t\t<\/div>\n\t\t\t\t<\/div>\n\t\t\t\t\t<\/div>\n\t\t\t\t<\/div>\n\t\t<div class=\"elementor-element elementor-element-625dc1d2 e-flex e-con-boxed e-con e-child\" data-id=\"625dc1d2\" data-element_type=\"container\">\n\t\t\t\t\t<div class=\"e-con-inner\">\n\t\t<div class=\"elementor-element elementor-element-490ef56c e-con-full e-flex e-con e-child\" data-id=\"490ef56c\" data-element_type=\"container\">\n\t\t<div class=\"elementor-element elementor-element-1f99dd50 e-con-full e-flex e-con e-child\" data-id=\"1f99dd50\" data-element_type=\"container\">\n\t\t\t\t<div class=\"elementor-element elementor-element-16a78bb0 exad-sticky-section-no exad-glass-effect-no elementor-widget elementor-widget-aihee_addon\" data-id=\"16a78bb0\" data-element_type=\"widget\" data-widget_type=\"aihee_addon.default\">\n\t\t\t\t<div class=\"elementor-widget-container\">\n\t\t\t<div class=\"aihee-main-wrapper layout-12  aihee-afc-11  aihee-12-16\"><div class=\"aihee-bg-img-12\" style=\" background-image:url(https:\/\/protokolhukuk.com\/wp-content\/uploads\/2024\/09\/2-1.png);\"><\/div><div class=\"aihee-hover-12\"><div class=\"aihee-icons\"><a href=\"https:\/\/www.linkedin.com\/in\/elif-%C3%B6nemlib%C4%B1%C3%A7ak-642430207\/?originalSubdomain=tr\" class=\"aihee-icon aihee-icon-first\"><svg aria-hidden=\"true\" class=\"e-font-icon-svg e-fab-linkedin-in\" viewBox=\"0 0 448 512\" xmlns=\"http:\/\/www.w3.org\/2000\/svg\"><path d=\"M100.28 448H7.4V148.9h92.88zM53.79 108.1C24.09 108.1 0 83.5 0 53.8a53.79 53.79 0 0 1 107.58 0c0 29.7-24.1 54.3-53.79 54.3zM447.9 448h-92.68V302.4c0-34.7-.7-79.2-48.29-79.2-48.29 0-55.69 37.7-55.69 76.7V448h-92.78V148.9h89.08v40.8h1.3c12.4-23.5 42.69-48.3 87.88-48.3 94 0 111.28 61.9 111.28 142.3V448z\"><\/path><\/svg><\/a><\/div><\/div><\/div>\t\t<\/div>\n\t\t\t\t<\/div>\n\t\t\t\t<div class=\"elementor-element elementor-element-568b7f6 exad-sticky-section-no exad-glass-effect-no elementor-widget elementor-widget-heading\" data-id=\"568b7f6\" data-element_type=\"widget\" data-widget_type=\"heading.default\">\n\t\t\t\t<div class=\"elementor-widget-container\">\n\t\t\t<h2 class=\"elementor-heading-title elementor-size-default\"><a href=\"https:\/\/protokolhukuk.com\/elifonemlibicak\/\">Elif \u00d6nemlib\u0131\u00e7ak<\/a><\/h2>\t\t<\/div>\n\t\t\t\t<\/div>\n\t\t\t\t<div class=\"elementor-element elementor-element-33c3e858 exad-sticky-section-no exad-glass-effect-no elementor-widget elementor-widget-heading\" data-id=\"33c3e858\" data-element_type=\"widget\" data-widget_type=\"heading.default\">\n\t\t\t\t<div class=\"elementor-widget-container\">\n\t\t\t<h2 class=\"elementor-heading-title elementor-size-default\"><a href=\"https:\/\/protokolhukuk.com\/elifonemlibicak\/\">\u0410\u0434\u0432\u043e\u043a\u0430\u0442 \/ \u041c\u0435\u043d\u0435\u0434\u0436\u0435\u0440 \u043f\u043e \u0410\u0434\u043c\u0438\u043d\u0438\u0441\u0442\u0440\u0430\u0442\u0438\u0432\u043d\u044b\u043c \u0414\u0435\u043b\u0430\u043c \u0438 \u0412\u0437\u0430\u0438\u043c\u043e\u043e\u0442\u043d\u043e\u0448\u0435\u043d\u0438\u044f\u043c \u0441 \u041a\u043b\u0438\u0435\u043d\u0442\u0430\u043c\u0438<\/a><\/h2>\t\t<\/div>\n\t\t\t\t<\/div>\n\t\t\t\t<\/div>\n\t\t\t\t<\/div>\n\t\t<div class=\"elementor-element elementor-element-76d44a8d e-con-full e-flex e-con e-child\" data-id=\"76d44a8d\" data-element_type=\"container\">\n\t\t<div class=\"elementor-element elementor-element-4dcf9c55 e-con-full e-flex e-con e-child\" data-id=\"4dcf9c55\" data-element_type=\"container\">\n\t\t\t\t<div class=\"elementor-element elementor-element-7d2bd677 exad-sticky-section-no exad-glass-effect-no elementor-widget elementor-widget-aihee_addon\" data-id=\"7d2bd677\" data-element_type=\"widget\" data-widget_type=\"aihee_addon.default\">\n\t\t\t\t<div class=\"elementor-widget-container\">\n\t\t\t<div class=\"aihee-main-wrapper layout-12  aihee-afc-11  aihee-12-16\"><div class=\"aihee-bg-img-12\" style=\" background-image:url(https:\/\/protokolhukuk.com\/wp-content\/uploads\/2024\/09\/9-1.png);\"><\/div><div class=\"aihee-hover-12\"><div class=\"aihee-icons\"><a href=\"https:\/\/www.linkedin.com\/in\/atahan-%C5%9Fafak-9676a8198\/?utm_source=share&#038;utm_campaign=share_via&#038;utm_content=profile&#038;utm_medium=ios_app\" class=\"aihee-icon aihee-icon-first\"><svg aria-hidden=\"true\" class=\"e-font-icon-svg e-fab-linkedin-in\" viewBox=\"0 0 448 512\" xmlns=\"http:\/\/www.w3.org\/2000\/svg\"><path d=\"M100.28 448H7.4V148.9h92.88zM53.79 108.1C24.09 108.1 0 83.5 0 53.8a53.79 53.79 0 0 1 107.58 0c0 29.7-24.1 54.3-53.79 54.3zM447.9 448h-92.68V302.4c0-34.7-.7-79.2-48.29-79.2-48.29 0-55.69 37.7-55.69 76.7V448h-92.78V148.9h89.08v40.8h1.3c12.4-23.5 42.69-48.3 87.88-48.3 94 0 111.28 61.9 111.28 142.3V448z\"><\/path><\/svg><\/a><\/div><\/div><\/div>\t\t<\/div>\n\t\t\t\t<\/div>\n\t\t\t\t<div class=\"elementor-element elementor-element-287c2f2c exad-sticky-section-no exad-glass-effect-no elementor-widget elementor-widget-heading\" data-id=\"287c2f2c\" data-element_type=\"widget\" data-widget_type=\"heading.default\">\n\t\t\t\t<div class=\"elementor-widget-container\">\n\t\t\t<h2 class=\"elementor-heading-title elementor-size-default\"><a href=\"https:\/\/protokolhukuk.com\/atahan-safak\/\">Atahan \u015eafak<\/a><\/h2>\t\t<\/div>\n\t\t\t\t<\/div>\n\t\t\t\t<div class=\"elementor-element elementor-element-646e17f5 exad-sticky-section-no exad-glass-effect-no elementor-widget elementor-widget-heading\" data-id=\"646e17f5\" data-element_type=\"widget\" data-widget_type=\"heading.default\">\n\t\t\t\t<div class=\"elementor-widget-container\">\n\t\t\t<h2 class=\"elementor-heading-title elementor-size-default\"><a href=\"https:\/\/protokolhukuk.com\/atahan-safak\/\">\u042e\u0440\u0438\u0441\u0442\/\u0441\u043f\u0435\u0446\u0438\u0430\u043b\u0438\u0441\u0442 \u043f\u043e \u043d\u0435\u0434\u0432\u0438\u0436\u0438\u043c\u043e\u0441\u0442\u0438, \u0441\u0442\u0440\u0430\u0445\u043e\u0432\u0430\u043d\u0438\u044e \u0438 \u044d\u043d\u0435\u0440\u0433\u0435\u0442\u0438\u0447\u0435\u0441\u043a\u043e\u043c\u0443 \u043f\u0440\u0430\u0432\u0443 <\/a><\/h2>\t\t<\/div>\n\t\t\t\t<\/div>\n\t\t\t\t<\/div>\n\t\t\t\t<\/div>\n\t\t<div class=\"elementor-element elementor-element-4db90ef6 e-con-full e-flex e-con e-child\" data-id=\"4db90ef6\" data-element_type=\"container\">\n\t\t<div class=\"elementor-element elementor-element-1bb5bddf e-con-full e-flex e-con e-child\" data-id=\"1bb5bddf\" data-element_type=\"container\">\n\t\t\t\t<div class=\"elementor-element elementor-element-15d6d1d3 exad-sticky-section-no exad-glass-effect-no elementor-widget elementor-widget-aihee_addon\" data-id=\"15d6d1d3\" data-element_type=\"widget\" data-widget_type=\"aihee_addon.default\">\n\t\t\t\t<div class=\"elementor-widget-container\">\n\t\t\t<div class=\"aihee-main-wrapper layout-12  aihee-afc-11  aihee-12-16\"><div class=\"aihee-bg-img-12\" style=\" background-image:url(https:\/\/protokolhukuk.com\/wp-content\/uploads\/2024\/09\/5-2.png);\"><\/div><div class=\"aihee-hover-12\"><div class=\"aihee-icons\"><a href=\"https:\/\/www.linkedin.com\/in\/meltem-g%C3%B6nc%C3%BCo%C4%9Flu-755577145\/?originalSubdomain=tr\" class=\"aihee-icon aihee-icon-first\"><svg aria-hidden=\"true\" class=\"e-font-icon-svg e-fab-linkedin-in\" viewBox=\"0 0 448 512\" xmlns=\"http:\/\/www.w3.org\/2000\/svg\"><path d=\"M100.28 448H7.4V148.9h92.88zM53.79 108.1C24.09 108.1 0 83.5 0 53.8a53.79 53.79 0 0 1 107.58 0c0 29.7-24.1 54.3-53.79 54.3zM447.9 448h-92.68V302.4c0-34.7-.7-79.2-48.29-79.2-48.29 0-55.69 37.7-55.69 76.7V448h-92.78V148.9h89.08v40.8h1.3c12.4-23.5 42.69-48.3 87.88-48.3 94 0 111.28 61.9 111.28 142.3V448z\"><\/path><\/svg><\/a><\/div><\/div><\/div>\t\t<\/div>\n\t\t\t\t<\/div>\n\t\t\t\t<div class=\"elementor-element elementor-element-749c652c exad-sticky-section-no exad-glass-effect-no elementor-widget elementor-widget-heading\" data-id=\"749c652c\" data-element_type=\"widget\" data-widget_type=\"heading.default\">\n\t\t\t\t<div class=\"elementor-widget-container\">\n\t\t\t<h2 class=\"elementor-heading-title elementor-size-default\"><a href=\"https:\/\/protokolhukuk.com\/meltem-goncuoglu\/\">Meltem G\u00f6nc\u00fco\u011flu<\/a><\/h2>\t\t<\/div>\n\t\t\t\t<\/div>\n\t\t\t\t<div class=\"elementor-element elementor-element-4510e956 exad-sticky-section-no exad-glass-effect-no elementor-widget elementor-widget-heading\" data-id=\"4510e956\" data-element_type=\"widget\" data-widget_type=\"heading.default\">\n\t\t\t\t<div class=\"elementor-widget-container\">\n\t\t\t<h2 class=\"elementor-heading-title elementor-size-default\"><a href=\"https:\/\/protokolhukuk.com\/meltem-goncuoglu\/\">&nbsp;<\/br>\u0410\u0434\u0432\u043e\u043a\u0430\u0442<br>\n&nbsp;<\/a><\/h2>\t\t<\/div>\n\t\t\t\t<\/div>\n\t\t\t\t<\/div>\n\t\t\t\t<\/div>\n\t\t\t\t\t<\/div>\n\t\t\t\t<\/div>\n\t\t<div class=\"elementor-element elementor-element-69343293 e-flex e-con-boxed e-con e-child\" data-id=\"69343293\" data-element_type=\"container\">\n\t\t\t\t\t<div class=\"e-con-inner\">\n\t\t<div class=\"elementor-element elementor-element-2f79b136 e-con-full e-flex e-con e-child\" data-id=\"2f79b136\" data-element_type=\"container\">\n\t\t<div class=\"elementor-element elementor-element-208cf68 e-con-full e-flex e-con e-child\" data-id=\"208cf68\" data-element_type=\"container\">\n\t\t\t\t<div class=\"elementor-element elementor-element-56e05d21 exad-sticky-section-no exad-glass-effect-no elementor-widget elementor-widget-aihee_addon\" data-id=\"56e05d21\" data-element_type=\"widget\" data-widget_type=\"aihee_addon.default\">\n\t\t\t\t<div class=\"elementor-widget-container\">\n\t\t\t<div class=\"aihee-main-wrapper layout-12  aihee-afc-11  aihee-12-16\"><div class=\"aihee-bg-img-12\" style=\" background-image:url(https:\/\/protokolhukuk.com\/wp-content\/uploads\/2024\/09\/2-2.png);\"><\/div><div class=\"aihee-hover-12\"><\/div><\/div>\t\t<\/div>\n\t\t\t\t<\/div>\n\t\t\t\t<div class=\"elementor-element elementor-element-159128d6 exad-sticky-section-no exad-glass-effect-no elementor-widget elementor-widget-heading\" data-id=\"159128d6\" data-element_type=\"widget\" data-widget_type=\"heading.default\">\n\t\t\t\t<div class=\"elementor-widget-container\">\n\t\t\t<h2 class=\"elementor-heading-title elementor-size-default\"><a href=\"https:\/\/protokolhukuk.com\/senagul-yurtsever\/\">Senag\u00fcl Yurtsever<\/a><\/h2>\t\t<\/div>\n\t\t\t\t<\/div>\n\t\t\t\t<div class=\"elementor-element elementor-element-69babeb6 exad-sticky-section-no exad-glass-effect-no elementor-widget elementor-widget-heading\" data-id=\"69babeb6\" data-element_type=\"widget\" data-widget_type=\"heading.default\">\n\t\t\t\t<div class=\"elementor-widget-container\">\n\t\t\t<h2 class=\"elementor-heading-title elementor-size-default\"><a href=\"https:\/\/protokolhukuk.com\/senagul-yurtsever\/\">\u0421\u0442\u0430\u0436\u0435\u0440  <\/a><\/h2>\t\t<\/div>\n\t\t\t\t<\/div>\n\t\t\t\t<\/div>\n\t\t\t\t<\/div>\n\t\t<div class=\"elementor-element elementor-element-65116843 e-con-full e-flex e-con e-child\" data-id=\"65116843\" data-element_type=\"container\">\n\t\t<div class=\"elementor-element elementor-element-7213a6d0 e-con-full e-flex e-con e-child\" data-id=\"7213a6d0\" data-element_type=\"container\">\n\t\t\t\t<div class=\"elementor-element elementor-element-6066cdc0 exad-sticky-section-no exad-glass-effect-no elementor-widget elementor-widget-aihee_addon\" data-id=\"6066cdc0\" data-element_type=\"widget\" data-widget_type=\"aihee_addon.default\">\n\t\t\t\t<div class=\"elementor-widget-container\">\n\t\t\t<div class=\"aihee-main-wrapper layout-12  aihee-afc-11  aihee-12-16\"><div class=\"aihee-bg-img-12\" style=\" background-image:url(https:\/\/protokolhukuk.com\/wp-content\/uploads\/2025\/06\/aa-a-scaled.png);\"><\/div><div class=\"aihee-hover-12\"><\/div><\/div>\t\t<\/div>\n\t\t\t\t<\/div>\n\t\t\t\t<div class=\"elementor-element elementor-element-4e3c4247 exad-sticky-section-no exad-glass-effect-no elementor-widget elementor-widget-heading\" data-id=\"4e3c4247\" data-element_type=\"widget\" data-widget_type=\"heading.default\">\n\t\t\t\t<div class=\"elementor-widget-container\">\n\t\t\t<h2 class=\"elementor-heading-title elementor-size-default\"><a href=\"https:\/\/protokolhukuk.com\/Ali-Erkan-Altinay\">Ali Erkan Alt\u0131nay<\/a><\/h2>\t\t<\/div>\n\t\t\t\t<\/div>\n\t\t\t\t<div class=\"elementor-element elementor-element-356921d3 exad-sticky-section-no exad-glass-effect-no elementor-widget elementor-widget-heading\" data-id=\"356921d3\" data-element_type=\"widget\" data-widget_type=\"heading.default\">\n\t\t\t\t<div class=\"elementor-widget-container\">\n\t\t\t<h2 class=\"elementor-heading-title elementor-size-default\"><a href=\"https:\/\/protokolhukuk.com\/Ali-Erkan-Altinay\">\u0421\u0442\u0430\u0436\u0435\u0440 \u0410\u0434\u0432\u043e\u043a\u0430\u0442<\/a><\/h2>\t\t<\/div>\n\t\t\t\t<\/div>\n\t\t\t\t<\/div>\n\t\t\t\t<\/div>\n\t\t\t\t\t<\/div>\n\t\t\t\t<\/div>\n\t\t<div class=\"elementor-element elementor-element-18cfe081 e-flex e-con-boxed e-con e-child\" data-id=\"18cfe081\" data-element_type=\"container\">\n\t\t\t\t\t<div class=\"e-con-inner\">\n\t\t<div class=\"elementor-element elementor-element-54177aed e-con-full e-flex e-con e-child\" data-id=\"54177aed\" data-element_type=\"container\">\n\t\t<div class=\"elementor-element elementor-element-774e2f1 e-con-full e-flex e-con e-child\" data-id=\"774e2f1\" data-element_type=\"container\">\n\t\t\t\t<div class=\"elementor-element elementor-element-562c36c5 exad-sticky-section-no exad-glass-effect-no elementor-widget elementor-widget-aihee_addon\" data-id=\"562c36c5\" data-element_type=\"widget\" data-widget_type=\"aihee_addon.default\">\n\t\t\t\t<div class=\"elementor-widget-container\">\n\t\t\t<div class=\"aihee-main-wrapper layout-12  aihee-afc-11  aihee-12-16\"><div class=\"aihee-bg-img-12\" style=\" background-image:url(https:\/\/protokolhukuk.com\/wp-content\/uploads\/2024\/10\/2-1.png);\"><\/div><div class=\"aihee-hover-12\"><div class=\"aihee-icons\"><a href=\"https:\/\/www.linkedin.com\/in\/ilkay-er-8b7346231\/?trk=people-guest_people_search-card&#038;originalSubdomain=tr\" class=\"aihee-icon aihee-icon-first\"><svg aria-hidden=\"true\" class=\"e-font-icon-svg e-fab-linkedin-in\" viewBox=\"0 0 448 512\" xmlns=\"http:\/\/www.w3.org\/2000\/svg\"><path d=\"M100.28 448H7.4V148.9h92.88zM53.79 108.1C24.09 108.1 0 83.5 0 53.8a53.79 53.79 0 0 1 107.58 0c0 29.7-24.1 54.3-53.79 54.3zM447.9 448h-92.68V302.4c0-34.7-.7-79.2-48.29-79.2-48.29 0-55.69 37.7-55.69 76.7V448h-92.78V148.9h89.08v40.8h1.3c12.4-23.5 42.69-48.3 87.88-48.3 94 0 111.28 61.9 111.28 142.3V448z\"><\/path><\/svg><\/a><\/div><\/div><\/div>\t\t<\/div>\n\t\t\t\t<\/div>\n\t\t\t\t<div class=\"elementor-element elementor-element-66e7e087 exad-sticky-section-no exad-glass-effect-no elementor-widget elementor-widget-heading\" data-id=\"66e7e087\" data-element_type=\"widget\" data-widget_type=\"heading.default\">\n\t\t\t\t<div class=\"elementor-widget-container\">\n\t\t\t<h2 class=\"elementor-heading-title elementor-size-default\"><a href=\"https:\/\/protokolhukuk.com\/ilkay-er\/\">\u0130lkay Er<\/a><\/h2>\t\t<\/div>\n\t\t\t\t<\/div>\n\t\t\t\t<div class=\"elementor-element elementor-element-4560aa3c exad-sticky-section-no exad-glass-effect-no elementor-widget elementor-widget-heading\" data-id=\"4560aa3c\" data-element_type=\"widget\" data-widget_type=\"heading.default\">\n\t\t\t\t<div class=\"elementor-widget-container\">\n\t\t\t<h2 class=\"elementor-heading-title elementor-size-default\"><a href=\"https:\/\/protokolhukuk.com\/ilkay-er\/\">\u0421\u0435\u043a\u0440\u0435\u0442\u0430\u0440\u044c<\/a><\/h2>\t\t<\/div>\n\t\t\t\t<\/div>\n\t\t\t\t<\/div>\n\t\t\t\t<\/div>\n\t\t\t\t\t<\/div>\n\t\t\t\t<\/div>\n\t\t\t\t<\/div>\n\t\t\t\t<\/div>\n\t\t","protected":false},"excerpt":{"rendered":"<p>Mesut \u00d6zdemir \u041e\u0441\u043d\u043e\u0432\u0430\u0442\u0435\u043b\u044c\/\u0410\u0434\u0432\u043e\u043a\u0430\u0442 Elif \u00d6nemlib\u0131\u00e7ak \u0410\u0434\u0432\u043e\u043a\u0430\u0442 \/ \u041c\u0435\u043d\u0435\u0434\u0436\u0435\u0440 \u043f\u043e \u0410\u0434\u043c\u0438\u043d\u0438\u0441\u0442\u0440\u0430\u0442\u0438\u0432\u043d\u044b\u043c \u0414\u0435\u043b\u0430\u043c \u0438 \u0412\u0437\u0430\u0438\u043c\u043e\u043e\u0442\u043d\u043e\u0448\u0435\u043d\u0438\u044f\u043c \u0441 \u041a\u043b\u0438\u0435\u043d\u0442\u0430\u043c\u0438 Atahan \u015eafak \u042e\u0440\u0438\u0441\u0442\/\u0441\u043f\u0435\u0446\u0438\u0430\u043b\u0438\u0441\u0442 \u043f\u043e \u043d\u0435\u0434\u0432\u0438\u0436\u0438\u043c\u043e\u0441\u0442\u0438, \u0441\u0442\u0440\u0430\u0445\u043e\u0432\u0430\u043d\u0438\u044e \u0438 \u044d\u043d\u0435\u0440\u0433\u0435\u0442\u0438\u0447\u0435\u0441\u043a\u043e\u043c\u0443 \u043f\u0440\u0430\u0432\u0443 Meltem G\u00f6nc\u00fco\u011flu &nbsp;\u0410\u0434\u0432\u043e\u043a\u0430\u0442 &nbsp; Senag\u00fcl Yurtsever \u0421\u0442\u0430\u0436\u0435\u0440 Ali Erkan Alt\u0131nay \u0421\u0442\u0430\u0436\u0435\u0440 \u0410\u0434\u0432\u043e\u043a\u0430\u0442 \u0130lkay Er \u0421\u0435\u043a\u0440\u0435\u0442\u0430\u0440\u044c<\/p>\n","protected":false},"author":1,"featured_media":0,"parent":0,"menu_order":0,"comment_status":"closed","ping_status":"closed","template":"elementor_header_footer","meta":{"ub_ctt_via":"","_joinchat":[],"footnotes":""},"class_list":["post-161704","page","type-page","status-publish","hentry"],"aioseo_notices":[],"featured_image_src":null,"_links":{"self":[{"href":"https:\/\/protokolhukuk.com\/ru\/wp-json\/wp\/v2\/pages\/161704","targetHints":{"allow":["GET"]}}],"collection":[{"href":"https:\/\/protokolhukuk.com\/ru\/wp-json\/wp\/v2\/pages"}],"about":[{"href":"https:\/\/protokolhukuk.com\/ru\/wp-json\/wp\/v2\/types\/page"}],"author":[{"embeddable":true,"href":"https:\/\/protokolhukuk.com\/ru\/wp-json\/wp\/v2\/users\/1"}],"replies":[{"embeddable":true,"href":"https:\/\/protokolhukuk.com\/ru\/wp-json\/wp\/v2\/comments?post=161704"}],"version-history":[{"count":37,"href":"https:\/\/protokolhukuk.com\/ru\/wp-json\/wp\/v2\/pages\/161704\/revisions"}],"predecessor-version":[{"id":165350,"href":"https:\/\/protokolhukuk.com\/ru\/wp-json\/wp\/v2\/pages\/161704\/revisions\/165350"}],"wp:attachment":[{"href":"https:\/\/protokolhukuk.com\/ru\/wp-json\/wp\/v2\/media?parent=161704"}],"curies":[{"name":"wp","href":"https:\/\/api.w.org\/{rel}","templated":true}]}}