{"id":163482,"date":"2024-08-14T09:40:31","date_gmt":"2024-08-14T09:40:31","guid":{"rendered":"https:\/\/protokolhukuk.com\/yasal-uyari\/"},"modified":"2024-11-09T01:30:00","modified_gmt":"2024-11-09T01:30:00","slug":"yasal-uyari","status":"publish","type":"page","link":"https:\/\/protokolhukuk.com\/ru\/yasal-uyari\/","title":{"rendered":"\u042e\u0420\u0418\u0414\u0418\u0427\u0415\u0421\u041a\u041e\u0415 \u041f\u0420\u0415\u0414\u0423\u041f\u0420\u0415\u0416\u0414\u0415\u041d\u0418\u0415"},"content":{"rendered":"\t\t<div data-elementor-type=\"wp-page\" data-elementor-id=\"163482\" class=\"elementor elementor-163482 elementor-534\" data-elementor-post-type=\"page\">\n\t\t\t\t<div class=\"elementor-element elementor-element-77e1aa6 e-flex e-con-boxed e-con e-parent\" data-id=\"77e1aa6\" data-element_type=\"container\" data-settings=\"{&quot;background_background&quot;:&quot;classic&quot;}\">\n\t\t\t\t\t<div class=\"e-con-inner\">\n\t\t\t\t<div class=\"elementor-element elementor-element-da49621 exad-sticky-section-no exad-glass-effect-no elementor-widget elementor-widget-theme-post-title elementor-page-title elementor-widget-heading\" data-id=\"da49621\" data-element_type=\"widget\" data-widget_type=\"theme-post-title.default\">\n\t\t\t\t<div class=\"elementor-widget-container\">\n\t\t\t<style>\/*! elementor - v3.23.0 - 05-08-2024 *\/\n.elementor-heading-title{padding:0;margin:0;line-height:1}.elementor-widget-heading .elementor-heading-title[class*=elementor-size-]>a{color:inherit;font-size:inherit;line-height:inherit}.elementor-widget-heading .elementor-heading-title.elementor-size-small{font-size:15px}.elementor-widget-heading .elementor-heading-title.elementor-size-medium{font-size:19px}.elementor-widget-heading .elementor-heading-title.elementor-size-large{font-size:29px}.elementor-widget-heading .elementor-heading-title.elementor-size-xl{font-size:39px}.elementor-widget-heading .elementor-heading-title.elementor-size-xxl{font-size:59px}<\/style><h1 class=\"elementor-heading-title elementor-size-default\">\u042e\u0420\u0418\u0414\u0418\u0427\u0415\u0421\u041a\u041e\u0415 \u041f\u0420\u0415\u0414\u0423\u041f\u0420\u0415\u0416\u0414\u0415\u041d\u0418\u0415<\/h1>\t\t<\/div>\n\t\t\t\t<\/div>\n\t\t\t\t\t<\/div>\n\t\t\t\t<\/div>\n\t\t<div class=\"elementor-element elementor-element-214088e elementor-hidden-desktop e-flex e-con-boxed e-con e-parent\" data-id=\"214088e\" data-element_type=\"container\">\n\t\t\t\t\t<div class=\"e-con-inner\">\n\t\t\t\t<div class=\"elementor-element elementor-element-d65432f elementor-fixed exad-sticky-section-no exad-glass-effect-no elementor-widget elementor-widget-progress-tracker\" data-id=\"d65432f\" data-element_type=\"widget\" data-settings=\"{&quot;direction&quot;:&quot;ltr&quot;,&quot;_position&quot;:&quot;fixed&quot;,&quot;type&quot;:&quot;horizontal&quot;,&quot;relative_to&quot;:&quot;entire_page&quot;}\" data-widget_type=\"progress-tracker.default\">\n\t\t\t\t<div class=\"elementor-widget-container\">\n\t\t\t<style>\/*! elementor-pro - v3.18.0 - 06-12-2023 *\/\n.elementor-scrolling-tracker{--scrolling-track-default-progress-color:#61ce70;--scrolling-track-default-color:#eee;--scrolling-track-precentage-default-color:$black}.elementor-scrolling-tracker-horizontal{display:flex;width:100%;height:var(--horizontal-height,20px);padding:var(--tracker-padding);align-items:center;border-left:var(--horizontal-border-left-width,2px) var(--horizontal-border-style) var(--horizontal-border-color);border-bottom:var(--horizontal-border-bottom-width,2px) var(--horizontal-border-style) var(--horizontal-border-color);border-right:var(--horizontal-border-right-width,2px) var(--horizontal-border-style) var(--horizontal-border-color);border-top:var(--horizontal-border-top-width,2px) var(--horizontal-border-style) var(--horizontal-border-color);border-radius:var(--border-radius);background-color:var(--scrolling-track-default-color);direction:var(--direction)}.elementor-scrolling-tracker-horizontal .current-progress{display:none;height:100%;align-items:center;position:relative;border-radius:var(--progress-border-radius);border-left:var(--horizontal-progress-border-left-width,2px) var(--horizontal-progress-border) var(--horizontal-progress-border-color);border-bottom:var(--horizontal-progress-border-bottom-width,2px) var(--horizontal-progress-border) var(--horizontal-progress-border-color);border-right:var(--horizontal-progress-border-right-width,2px) var(--horizontal-progress-border) var(--horizontal-progress-border-color);border-top:var(--horizontal-progress-border-top-width,2px) var(--horizontal-progress-border) var(--horizontal-progress-border-color);background-color:var(--scrolling-track-default-progress-color)}.elementor-scrolling-tracker-horizontal .current-progress .current-progress-percentage{inset-inline-end:.5em;inset-inline-start:auto;position:absolute;direction:var(--text-direction);color:var(--percentage-color,var(--scrolling-track-precentage-default-color))}.elementor-scrolling-tracker-circular{display:flex;width:var(--circular-width,100px);height:var(--circular-height,100px);align-items:center;justify-content:center;position:relative;margin-inline-start:0;margin-inline-end:auto}.elementor-scrolling-tracker-circular .current-progress-percentage{position:absolute;color:var(--percentage-color,var(--scrolling-track-precentage-default-color))}.elementor-scrolling-tracker-circular svg{position:absolute}.elementor-scrolling-tracker-circular .current-progress{display:none;transform:rotate(-90deg);transform-origin:50% 50%;stroke:var(--circular-color,var(--scrolling-track-default-progress-color));fill:transparent;stroke-width:var(--circular-progress-width,4px)}.elementor-scrolling-tracker-circular .circle{stroke:var(--circular-background-color,var(--scrolling-track-default-color));fill:transparent;stroke-width:var(--circular-background-width,4px)}.elementor-scrolling-tracker-alignment-left{margin-left:0;margin-right:auto}.elementor-scrolling-tracker-alignment-center{margin-left:auto;margin-right:auto}.elementor-scrolling-tracker-alignment-right{margin-left:auto;margin-right:0}.e-con-inner>.elementor-widget-progress-tracker,.e-con>.elementor-widget-progress-tracker{width:var(--container-widget-width);--flex-grow:var(--container-widget-flex-grow)}<\/style>\n\t\t<div class=\"elementor-scrolling-tracker elementor-scrolling-tracker-horizontal elementor-scrolling-tracker-alignment-\">\n\t\t\t\t\t\t<div class=\"current-progress\">\n\t\t\t\t\t<div class=\"current-progress-percentage\"><\/div>\n\t\t\t\t<\/div>\n\t\t\t\t<\/div>\n\t\t\t\t<\/div>\n\t\t\t\t<\/div>\n\t\t\t\t\t<\/div>\n\t\t\t\t<\/div>\n\t\t<div class=\"elementor-element elementor-element-32ae036 e-flex e-con-boxed e-con e-parent\" data-id=\"32ae036\" data-element_type=\"container\" data-settings=\"{&quot;background_background&quot;:&quot;classic&quot;}\">\n\t\t\t\t\t<div class=\"e-con-inner\">\n\t\t<div class=\"elementor-element elementor-element-fdc5113 e-con-full elementor-hidden-tablet elementor-hidden-mobile e-flex e-con e-child\" data-id=\"fdc5113\" data-element_type=\"container\">\n\t\t\t\t<div class=\"elementor-element elementor-element-5a86312 exad-glass-effect-no elementor-widget elementor-widget-progress-tracker\" data-id=\"5a86312\" data-element_type=\"widget\" data-settings=\"{&quot;type&quot;:&quot;circular&quot;,&quot;percentage&quot;:&quot;yes&quot;,&quot;relative_to&quot;:&quot;entire_page&quot;}\" data-widget_type=\"progress-tracker.default\">\n\t\t\t\t<div class=\"elementor-widget-container\">\n\t\t\t\n\t\t<div class=\"elementor-scrolling-tracker elementor-scrolling-tracker-circular elementor-scrolling-tracker-alignment-\">\n\t\t\t\t\t\t<svg\n\t\t\t\t\t\twidth=\"100%\"\n\t\t\t\t\t\theight=\"100%\">\n\t\t\t\t\t<circle class=\"circle\"\n\t\t\t\t\t\t\tr=\"40%\"\n\t\t\t\t\t\t\tcx=\"50%\"\n\t\t\t\t\t\t\tcy=\"50%\"\/>\n\n\t\t\t\t\t<circle class=\"current-progress\"\n\t\t\t\t\t\t\tr=\"40%\"\n\t\t\t\t\t\t\tcx=\"50%\"\n\t\t\t\t\t\t\tcy=\"50%\"\/>\n\t\t\t\t<\/svg>\n\t\t\t\t<div class=\"current-progress-percentage\"><\/div>\n\t\t\t\t<\/div>\n\t\t\t\t<\/div>\n\t\t\t\t<\/div>\n\t\t\t\t<\/div>\n\t\t<div class=\"elementor-element elementor-element-7c23b9b e-con-full e-flex e-con e-child\" data-id=\"7c23b9b\" data-element_type=\"container\">\n\t\t\t\t<div class=\"elementor-element elementor-element-3d77163 exad-sticky-section-no exad-glass-effect-no elementor-widget elementor-widget-text-editor\" data-id=\"3d77163\" data-element_type=\"widget\" data-widget_type=\"text-editor.default\">\n\t\t\t\t<div class=\"elementor-widget-container\">\n\t\t\t<style>\/*! elementor - v3.23.0 - 05-08-2024 *\/\n.elementor-widget-text-editor.elementor-drop-cap-view-stacked .elementor-drop-cap{background-color:#69727d;color:#fff}.elementor-widget-text-editor.elementor-drop-cap-view-framed .elementor-drop-cap{color:#69727d;border:3px solid;background-color:transparent}.elementor-widget-text-editor:not(.elementor-drop-cap-view-default) .elementor-drop-cap{margin-top:8px}.elementor-widget-text-editor:not(.elementor-drop-cap-view-default) .elementor-drop-cap-letter{width:1em;height:1em}.elementor-widget-text-editor .elementor-drop-cap{float:left;text-align:center;line-height:1;font-size:50px}.elementor-widget-text-editor .elementor-drop-cap-letter{display:inline-block}<\/style>\t\t\t\t<p style=\"text-align: justify;\">\u0412\u0441\u044f \u0438\u043d\u0444\u043e\u0440\u043c\u0430\u0446\u0438\u044f, \u0440\u0430\u0437\u043c\u0435\u0449\u0435\u043d\u043d\u0430\u044f \u043d\u0430 \u0434\u0430\u043d\u043d\u043e\u043c \u0432\u0435\u0431-\u0441\u0430\u0439\u0442\u0435, \u043f\u0440\u0435\u0434\u043e\u0441\u0442\u0430\u0432\u043b\u044f\u0435\u0442\u0441\u044f \u043e\u0444\u0438\u0441\u043e\u043c Protokol Hukuk &#038; Dan\u0131\u015fmanl\u0131k \u0438\u0441\u043a\u043b\u044e\u0447\u0438\u0442\u0435\u043b\u044c\u043d\u043e \u0432 \u0438\u043d\u0444\u043e\u0440\u043c\u0430\u0446\u0438\u043e\u043d\u043d\u044b\u0445 \u0446\u0435\u043b\u044f\u0445. \u0418\u043d\u0444\u043e\u0440\u043c\u0430\u0446\u0438\u044f \u043d\u0430 \u043d\u0430\u0448\u0435\u043c \u0441\u0430\u0439\u0442\u0435 \u043d\u0435 \u044f\u0432\u043b\u044f\u0435\u0442\u0441\u044f \u044e\u0440\u0438\u0434\u0438\u0447\u0435\u0441\u043a\u0438\u043c \u043c\u043d\u0435\u043d\u0438\u0435\u043c \u0438\u043b\u0438 \u0440\u0435\u043a\u043e\u043c\u0435\u043d\u0434\u0430\u0446\u0438\u0435\u0439. \u041d\u0430\u0448 \u043e\u0444\u0438\u0441 \u043d\u0435 \u043d\u0435\u0441\u0435\u0442 \u043e\u0442\u0432\u0435\u0442\u0441\u0442\u0432\u0435\u043d\u043d\u043e\u0441\u0442\u0438 \u0437\u0430 \u0438\u0441\u043f\u043e\u043b\u044c\u0437\u043e\u0432\u0430\u043d\u0438\u0435 \u0438\u043b\u0438 \u0434\u043e\u0432\u0435\u0440\u0438\u0435 \u043a \u0438\u043d\u0444\u043e\u0440\u043c\u0430\u0446\u0438\u0438, \u0442\u0435\u043a\u0441\u0442\u0430\u043c \u0438 \u043f\u0443\u0431\u043b\u0438\u043a\u0430\u0446\u0438\u044f\u043c, \u043f\u0440\u0435\u0434\u0441\u0442\u0430\u0432\u043b\u0435\u043d\u043d\u044b\u043c \u043d\u0430 \u044d\u0442\u043e\u043c \u0441\u0430\u0439\u0442\u0435. \u041d\u0430\u0448 \u0432\u0435\u0431-\u0441\u0430\u0439\u0442 \u0438 \u0438\u043d\u0444\u043e\u0440\u043c\u0430\u0446\u0438\u044f, \u0440\u0430\u0437\u043c\u0435\u0449\u0435\u043d\u043d\u0430\u044f \u043d\u0430 \u043d\u0435\u043c, \u043d\u0435 \u044f\u0432\u043b\u044f\u044e\u0442\u0441\u044f \u043f\u0440\u0438\u0433\u043b\u0430\u0448\u0435\u043d\u0438\u0435\u043c \u0438\u043b\u0438 \u043f\u0440\u0435\u0434\u043b\u043e\u0436\u0435\u043d\u0438\u0435\u043c \u0434\u043b\u044f \u043f\u0440\u0435\u0434\u043e\u0441\u0442\u0430\u0432\u043b\u0435\u043d\u0438\u044f \u044e\u0440\u0438\u0434\u0438\u0447\u0435\u0441\u043a\u043e\u0433\u043e \u0437\u0430\u043a\u043b\u044e\u0447\u0435\u043d\u0438\u044f \u0438\u043b\u0438 \u0443\u0441\u0442\u0430\u043d\u043e\u0432\u043b\u0435\u043d\u0438\u044f \u043e\u0442\u043d\u043e\u0448\u0435\u043d\u0438\u0439 \u0441 \u0430\u0434\u0432\u043e\u043a\u0430\u0442\u043e\u043c.<\/p>\n\t\t\t\t\t\t<\/div>\n\t\t\t\t<\/div>\n\t\t\t\t<\/div>\n\t\t\t\t\t<\/div>\n\t\t\t\t<\/div>\n\t\t\t\t<\/div>\n\t\t","protected":false},"excerpt":{"rendered":"<p>\u0412\u0441\u044f \u0438\u043d\u0444\u043e\u0440\u043c\u0430\u0446\u0438\u044f, \u0440\u0430\u0437\u043c\u0435\u0449\u0435\u043d\u043d\u0430\u044f \u043d\u0430 \u0434\u0430\u043d\u043d\u043e\u043c \u0432\u0435\u0431-\u0441\u0430\u0439\u0442\u0435, \u043f\u0440\u0435\u0434\u043e\u0441\u0442\u0430\u0432\u043b\u044f\u0435\u0442\u0441\u044f \u043e\u0444\u0438\u0441\u043e\u043c Protokol Hukuk &#038; Dan\u0131\u015fmanl\u0131k \u0438\u0441\u043a\u043b\u044e\u0447\u0438\u0442\u0435\u043b\u044c\u043d\u043e \u0432 \u0438\u043d\u0444\u043e\u0440\u043c\u0430\u0446\u0438\u043e\u043d\u043d\u044b\u0445 \u0446\u0435\u043b\u044f\u0445. \u0418\u043d\u0444\u043e\u0440\u043c\u0430\u0446\u0438\u044f \u043d\u0430 \u043d\u0430\u0448\u0435\u043c \u0441\u0430\u0439\u0442\u0435 \u043d\u0435 \u044f\u0432\u043b\u044f\u0435\u0442\u0441\u044f \u044e\u0440\u0438\u0434\u0438\u0447\u0435\u0441\u043a\u0438\u043c \u043c\u043d\u0435\u043d\u0438\u0435\u043c \u0438\u043b\u0438 \u0440\u0435\u043a\u043e\u043c\u0435\u043d\u0434\u0430\u0446\u0438\u0435\u0439. \u041d\u0430\u0448 \u043e\u0444\u0438\u0441 \u043d\u0435 \u043d\u0435\u0441\u0435\u0442 \u043e\u0442\u0432\u0435\u0442\u0441\u0442\u0432\u0435\u043d\u043d\u043e\u0441\u0442\u0438 \u0437\u0430 \u0438\u0441\u043f\u043e\u043b\u044c\u0437\u043e\u0432\u0430\u043d\u0438\u0435 \u0438\u043b\u0438 \u0434\u043e\u0432\u0435\u0440\u0438\u0435 \u043a \u0438\u043d\u0444\u043e\u0440\u043c\u0430\u0446\u0438\u0438, \u0442\u0435\u043a\u0441\u0442\u0430\u043c \u0438 \u043f\u0443\u0431\u043b\u0438\u043a\u0430\u0446\u0438\u044f\u043c, \u043f\u0440\u0435\u0434\u0441\u0442\u0430\u0432\u043b\u0435\u043d\u043d\u044b\u043c \u043d\u0430 \u044d\u0442\u043e\u043c \u0441\u0430\u0439\u0442\u0435. \u041d\u0430\u0448 \u0432\u0435\u0431-\u0441\u0430\u0439\u0442 \u0438 \u0438\u043d\u0444\u043e\u0440\u043c\u0430\u0446\u0438\u044f, \u0440\u0430\u0437\u043c\u0435\u0449\u0435\u043d\u043d\u0430\u044f \u043d\u0430 \u043d\u0435\u043c, \u043d\u0435 \u044f\u0432\u043b\u044f\u044e\u0442\u0441\u044f \u043f\u0440\u0438\u0433\u043b\u0430\u0448\u0435\u043d\u0438\u0435\u043c \u0438\u043b\u0438 [&hellip;]<\/p>\n","protected":false},"author":1,"featured_media":0,"parent":0,"menu_order":0,"comment_status":"closed","ping_status":"closed","template":"elementor_header_footer","meta":{"ub_ctt_via":"","_joinchat":[],"footnotes":""},"class_list":["post-163482","page","type-page","status-publish","hentry"],"aioseo_notices":[],"featured_image_src":null,"_links":{"self":[{"href":"https:\/\/protokolhukuk.com\/ru\/wp-json\/wp\/v2\/pages\/163482","targetHints":{"allow":["GET"]}}],"collection":[{"href":"https:\/\/protokolhukuk.com\/ru\/wp-json\/wp\/v2\/pages"}],"about":[{"href":"https:\/\/protokolhukuk.com\/ru\/wp-json\/wp\/v2\/types\/page"}],"author":[{"embeddable":true,"href":"https:\/\/protokolhukuk.com\/ru\/wp-json\/wp\/v2\/users\/1"}],"replies":[{"embeddable":true,"href":"https:\/\/protokolhukuk.com\/ru\/wp-json\/wp\/v2\/comments?post=163482"}],"version-history":[{"count":3,"href":"https:\/\/protokolhukuk.com\/ru\/wp-json\/wp\/v2\/pages\/163482\/revisions"}],"predecessor-version":[{"id":163620,"href":"https:\/\/protokolhukuk.com\/ru\/wp-json\/wp\/v2\/pages\/163482\/revisions\/163620"}],"wp:attachment":[{"href":"https:\/\/protokolhukuk.com\/ru\/wp-json\/wp\/v2\/media?parent=163482"}],"curies":[{"name":"wp","href":"https:\/\/api.w.org\/{rel}","templated":true}]}}